{"id":14,"date":"2025-10-29T10:36:25","date_gmt":"2025-10-29T10:36:25","guid":{"rendered":"https:\/\/workshopofstories.com\/?page_id=14"},"modified":"2025-11-18T15:20:47","modified_gmt":"2025-11-18T15:20:47","slug":"elementor-14","status":"publish","type":"page","link":"https:\/\/workshopofstories.com\/","title":{"rendered":"Workshop of stories"},"content":{"rendered":"\t\t<div data-elementor-type=\"wp-page\" data-elementor-id=\"14\" class=\"elementor elementor-14\" data-elementor-post-type=\"page\">\n\t\t\t\t<div class=\"elementor-element elementor-element-1bf6845 e-con-full e-flex e-con e-parent\" data-id=\"1bf6845\" data-element_type=\"container\" data-settings=\"{&quot;background_background&quot;:&quot;classic&quot;}\">\n\t\t<div class=\"elementor-element elementor-element-bb802ca e-flex e-con-boxed e-con e-child\" data-id=\"bb802ca\" data-element_type=\"container\">\n\t\t\t\t\t<div class=\"e-con-inner\">\n\t\t\t\t<div class=\"elementor-element elementor-element-a2262bf elementor-widget elementor-widget-image\" data-id=\"a2262bf\" data-element_type=\"widget\" data-widget_type=\"image.default\">\n\t\t\t\t\t\t\t\t\t\t\t\t\t\t\t<img fetchpriority=\"high\" decoding=\"async\" width=\"2048\" height=\"1448\" src=\"https:\/\/workshopofstories.com\/wp-content\/uploads\/2025\/11\/logo_jo-3-2048x1448.png\" class=\"attachment-2048x2048 size-2048x2048 wp-image-326\" alt=\"\" srcset=\"https:\/\/workshopofstories.com\/wp-content\/uploads\/2025\/11\/logo_jo-3-2048x1448.png 2048w, https:\/\/workshopofstories.com\/wp-content\/uploads\/2025\/11\/logo_jo-3-300x212.png 300w, https:\/\/workshopofstories.com\/wp-content\/uploads\/2025\/11\/logo_jo-3-1024x724.png 1024w, https:\/\/workshopofstories.com\/wp-content\/uploads\/2025\/11\/logo_jo-3-768x543.png 768w, https:\/\/workshopofstories.com\/wp-content\/uploads\/2025\/11\/logo_jo-3-1536x1086.png 1536w\" sizes=\"(max-width: 2048px) 100vw, 2048px\" \/>\t\t\t\t\t\t\t\t\t\t\t\t\t\t\t<\/div>\n\t\t\t\t\t<\/div>\n\t\t\t\t<\/div>\n\t\t\t\t<\/div>\n\t\t<div class=\"elementor-element elementor-element-27ec7a6a e-con-full mdw-scroll-effect-141 e-flex e-con e-parent\" data-id=\"27ec7a6a\" data-element_type=\"container\" data-settings=\"{&quot;background_background&quot;:&quot;classic&quot;}\">\n\t\t<div class=\"elementor-element elementor-element-47ad8e1a e-flex e-con-boxed e-con e-child\" data-id=\"47ad8e1a\" data-element_type=\"container\">\n\t\t\t\t\t<div class=\"e-con-inner\">\n\t\t\t\t<div class=\"elementor-element elementor-element-2c3f9ff9 elementor-widget elementor-widget-heading\" data-id=\"2c3f9ff9\" data-element_type=\"widget\" data-widget_type=\"heading.default\">\n\t\t\t\t\t<h2 class=\"elementor-heading-title elementor-size-default\">AHOL A KREATIVIT\u00c1S AZ ELS\u0150!<\/h2>\t\t\t\t<\/div>\n\t\t\t\t\t<\/div>\n\t\t\t\t<\/div>\n\t\t\t\t<div class=\"elementor-element elementor-element-505fae1c elementor-widget elementor-widget-html\" data-id=\"505fae1c\" data-element_type=\"widget\" data-widget_type=\"html.default\">\n\t\t\t\t\t<style>\r\nbody{\r\n    --smooth-scroll: true;\r\n}\r\nbody,\r\n[data-elementor-type=\"wp-page\"]{\r\n    overflow-x: hidden;\r\n}\r\n.mdw-scroll-effect-141-images .elementor-widget-image,\r\n.mdw-scroll-effect-141-images img{\r\n    max-width: unset !important;\r\n}\r\nhtml.elementor-html .mdw-scroll-effect-141-content{\r\n    z-index: 100;\r\n}\r\n.mdw-scroll-effect-141-content > .elementor-element:not(.mdw-scroll-effect-141-text) > *{\r\n    opacity: 0;\r\n    transform: translateY(50%);\r\n    transition: 1s;\r\n}\r\n.mdw-scroll-effect-141-text p:last-child{\r\n    margin: 0;\r\n}\r\n.mdw-scroll-effect-141-content .mdw-scroll-effect-141-text .word{\r\n    display: inline-block;\r\n    overflow: hidden;\r\n}\r\n.mdw-scroll-effect-141-content .mdw-scroll-effect-141-text .inner-word{\r\n    display: inline-block;\r\n    transform: translateY(100%);\r\n    transition: all 1s ease-in-out calc(var(--delay)*0.1s);\r\n}\r\nhtml.elementor-html .mdw-scroll-effect-141-content > .elementor-element > *,\r\n.mdw-scroll-effect-141-content > .elementor-element.reveal > *,\r\n.mdw-scroll-effect-141-content .mdw-scroll-effect-141-text.reveal .inner-word{\r\n    opacity: 1;\r\n    transform: translateY(0);\r\n}\r\n@media(max-width: 767px){\r\n.mdw-scroll-effect-141-images .elementor-widget-image{\r\n    transition: 1.2s;\r\n}\r\n.mdw-scroll-effect-141-images > .e-con.moved > .e-con:nth-child(1) .elementor-widget-image,\r\n.mdw-scroll-effect-141-images > .e-container.moved > .e-container:nth-child(1) .elementor-widget-image{\r\n    transform: translateX(-180px);\r\n}\r\n.mdw-scroll-effect-141-images > .e-con.moved > .e-con:nth-child(2) .elementor-widget-image,\r\n.mdw-scroll-effect-141-images > .e-container.moved > .e-container:nth-child(2) .elementor-widget-image{\r\n    transform: translateX(180px);\r\n}\r\n}\r\n<\/style>\r\n<script src=\"https:\/\/code.jquery.com\/jquery-2.2.4.min.js\"><\/script>\r\n<script>\r\nif(!MDWNonce141){\r\n\r\nvar MDWNonce141 = true,\r\nselector = '.mdw-scroll-effect-141',\r\ncontents = [],\r\nwindowHeight,\r\nwindowHalfHeight,\r\nwindowWidth\r\n        \r\nfunction init(){\r\n$(selector).each(function(i){\r\n    contents[i] = $(this).find('.mdw-scroll-effect-141-content').children()\r\n})\r\n}\r\nfunction updateCardsPosition(){\r\nvar windowTop = $(window).scrollTop()\r\n$(selector).each(function(){\r\n    $(this).find('.mdw-scroll-effect-141-images').each(function(i){\r\n        \r\n        var container = $(this),\r\n        containerTop = container.offset().top,\r\n        containerHeight = container.outerHeight(),\r\n        startPoint = (i === 0) ? containerTop - windowHalfHeight : containerTop - windowHeight,\r\n        endPoint = containerTop + containerHeight - windowHalfHeight,\r\n        progress = (windowTop - startPoint) \/ (endPoint - startPoint)\r\n\r\n        progress = Math.max(0, Math.min(1, progress))\r\n        \r\n        if(windowWidth > 767){\r\n            \r\n            var init = {\r\n                leftX: [-800, -900, -400],\r\n                rightX: [800, 900, 400],\r\n                leftRotate: [-30, -20, -35],\r\n                rightRotate: [30, 20, 35],\r\n                y: [100, -150, -400]\r\n            }\r\n                \r\n            container.children('.e-con, .e-container').each(function(index){\r\n        \r\n                var arrIndex = index % init.leftX.length,\r\n                leftX = progress * init.leftX[arrIndex],\r\n                leftY = progress * init.y[arrIndex],\r\n                leftRotate = progress * init.leftRotate[arrIndex],\r\n                rightX = progress * init.rightX[arrIndex],\r\n                rightY = progress * init.y[arrIndex],\r\n                rightRotate = progress * init.rightRotate[arrIndex],\r\n                leftCard = $(this).find('.elementor-widget-image').eq(0),\r\n                rightCard = $(this).find('.elementor-widget-image').eq(1)\r\n                \r\n                leftCard.css('transform', `translate(${leftX}px, ${leftY}px) rotate(${leftRotate}deg)`)\r\n                rightCard.css('transform', `translate(${rightX}px, ${rightY}px) rotate(${rightRotate}deg)`)\r\n            })\r\n        }else{\r\n            container.children('.e-con, .e-container').each(function(){\r\n                \r\n                var c = $(this),\r\n                image = c.find('.elementor-widget-image'),\r\n                cardOffsetTop = c[0].getBoundingClientRect().top\r\n          \r\n                image.removeAttr('style')\r\n                c.toggleClass('moved', cardOffsetTop < windowHalfHeight)\r\n            })\r\n        }\r\n    })\r\n})\r\n}\r\n\r\nfunction wrapWords(){\r\n\r\n$('.mdw-scroll-effect-141-text p').each(function(){\r\n    \r\n    var el = $(this),\r\n    text = el.text(),\r\n    chunks = text.match(\/\\S+|\\s+\/g) || [],\r\n    html = '', t\r\n\r\n    for(var i=0; i<chunks.length; i++){\r\n        t = chunks[i]\r\n        if (\/\\s+\/.test(t)){\r\n            html += t\r\n        }else{\r\n            html += `<span class=\"word\"><span class=\"inner-word\">${t}<\/span><\/span>`\r\n        }\r\n    }\r\n    el.html(html)\r\n\r\n    var spans = el.find('.word'),\r\n    prevTop = null,\r\n    delay = 0\r\n\r\n    spans.each(function(){\r\n        var top = $(this).offset().top\r\n\r\n        delay = prevTop === null ? 0 : (top > prevTop ? delay + 1 : delay)\r\n        $(this)[0].style.setProperty('--delay', delay)\r\n        prevTop = top\r\n    })\r\n})\r\n}\r\n\r\nfunction revealContent(){\r\n$(selector).each(function(i){\r\n    contents[i].each(function(){\r\n        \r\n        var content = $(this),\r\n        contentTop = content[0].getBoundingClientRect().top,\r\n        startPoint = windowWidth > 767 ? 0.8 : 0.6\r\n        \r\n        content.toggleClass('reveal', contentTop < windowHeight*startPoint)\r\n    })\r\n})\r\n}\r\n$(document).ready(function(){\r\n    init()\r\n    wrapWords()\r\n})\r\n$(window).on('load scroll resize',function(){\r\n    windowHeight = $(window).height()\r\n    windowHalfHeight = windowHeight\/2\r\n    windowWidth = $(window).width()\r\n    updateCardsPosition()\r\n    revealContent()\r\n})\r\n$(window).on('load resize',function(){\r\n    wrapWords()\r\n})\r\n}\r\n<\/script>\r\n\r\n<!-- Smooth Scroll -->\r\n<style>\r\nhtml.lenis, html.lenis body{\r\n  height: auto;\r\n}\r\n.lenis.lenis-smooth{\r\n  scroll-behavior: auto !important;\r\n}\r\n.lenis.lenis-smooth [data-lenis-prevent]{\r\n  overscroll-behavior: contain;\r\n}\r\n.lenis.lenis-stopped{\r\n  overflow: hidden;\r\n}\r\n.lenis.lenis-smooth iframe{\r\n  pointer-events: none;\r\n}\r\n<\/style>\r\n<script src=\"https:\/\/unpkg.com\/lenis@1.1.11\/dist\/lenis.min.js\"><\/script> \r\n<script>\r\n$(document).ready(function(){\r\n\r\nvar smoothScroll = getComputedStyle(document.body).getPropertyValue('--smooth-scroll'),\r\n    smoothScroll = smoothScroll && smoothScroll == 'true'\r\n\r\nif(smoothScroll){\r\n    var lenis = new Lenis()\r\n    function raf(time) {\r\n      lenis.raf(time)\r\n      requestAnimationFrame(raf)\r\n    }\r\n    requestAnimationFrame(raf)\r\n}\r\n})\r\n<\/script>\t\t\t\t<\/div>\n\t\t<div class=\"elementor-element elementor-element-487b612f e-con-full mdw-scroll-effect-141-images e-flex e-con e-child\" data-id=\"487b612f\" data-element_type=\"container\">\n\t\t<div class=\"elementor-element elementor-element-6d21de70 e-con-full e-flex e-con e-child\" data-id=\"6d21de70\" data-element_type=\"container\">\n\t\t<div class=\"elementor-element elementor-element-a8e2b31 e-con-full e-flex e-con e-child\" data-id=\"a8e2b31\" data-element_type=\"container\">\n\t\t\t\t<div class=\"elementor-element elementor-element-56e7567e elementor-widget elementor-widget-image\" data-id=\"56e7567e\" data-element_type=\"widget\" data-widget_type=\"image.default\">\n\t\t\t\t\t\t\t\t\t\t\t\t\t\t\t<img decoding=\"async\" width=\"747\" height=\"981\" src=\"https:\/\/workshopofstories.com\/wp-content\/uploads\/2025\/11\/Elden_ring_0010_Ghost_of_yotei.png\" class=\"attachment-large size-large wp-image-337\" alt=\"\" srcset=\"https:\/\/workshopofstories.com\/wp-content\/uploads\/2025\/11\/Elden_ring_0010_Ghost_of_yotei.png 747w, https:\/\/workshopofstories.com\/wp-content\/uploads\/2025\/11\/Elden_ring_0010_Ghost_of_yotei-228x300.png 228w\" sizes=\"(max-width: 747px) 100vw, 747px\" \/>\t\t\t\t\t\t\t\t\t\t\t\t\t\t\t<\/div>\n\t\t\t\t<\/div>\n\t\t<div class=\"elementor-element elementor-element-6fddcd6e e-con-full e-flex e-con e-child\" data-id=\"6fddcd6e\" data-element_type=\"container\">\n\t\t\t\t<div class=\"elementor-element elementor-element-c8743e8 elementor-widget elementor-widget-image\" data-id=\"c8743e8\" data-element_type=\"widget\" data-widget_type=\"image.default\">\n\t\t\t\t\t\t\t\t\t\t\t\t\t\t\t<img decoding=\"async\" width=\"747\" height=\"981\" src=\"https:\/\/workshopofstories.com\/wp-content\/uploads\/2025\/11\/Elden_ring_0001_Toy_story.png\" class=\"attachment-large size-large wp-image-328\" alt=\"\" srcset=\"https:\/\/workshopofstories.com\/wp-content\/uploads\/2025\/11\/Elden_ring_0001_Toy_story.png 747w, https:\/\/workshopofstories.com\/wp-content\/uploads\/2025\/11\/Elden_ring_0001_Toy_story-228x300.png 228w\" sizes=\"(max-width: 747px) 100vw, 747px\" \/>\t\t\t\t\t\t\t\t\t\t\t\t\t\t\t<\/div>\n\t\t\t\t<\/div>\n\t\t\t\t<\/div>\n\t\t<div class=\"elementor-element elementor-element-588a95bd e-con-full e-flex e-con e-child\" data-id=\"588a95bd\" data-element_type=\"container\">\n\t\t<div class=\"elementor-element elementor-element-4b84afc1 e-con-full e-flex e-con e-child\" data-id=\"4b84afc1\" data-element_type=\"container\">\n\t\t\t\t<div class=\"elementor-element elementor-element-75d4a27 elementor-widget elementor-widget-image\" data-id=\"75d4a27\" data-element_type=\"widget\" data-widget_type=\"image.default\">\n\t\t\t\t\t\t\t\t\t\t\t\t\t\t\t<img loading=\"lazy\" decoding=\"async\" width=\"748\" height=\"982\" src=\"https:\/\/workshopofstories.com\/wp-content\/uploads\/2025\/11\/Elden_ring_0011_Reteg-1.png\" class=\"attachment-large size-large wp-image-338\" alt=\"\" srcset=\"https:\/\/workshopofstories.com\/wp-content\/uploads\/2025\/11\/Elden_ring_0011_Reteg-1.png 748w, https:\/\/workshopofstories.com\/wp-content\/uploads\/2025\/11\/Elden_ring_0011_Reteg-1-229x300.png 229w\" sizes=\"(max-width: 748px) 100vw, 748px\" \/>\t\t\t\t\t\t\t\t\t\t\t\t\t\t\t<\/div>\n\t\t\t\t<\/div>\n\t\t<div class=\"elementor-element elementor-element-bc9bdbf e-con-full e-flex e-con e-child\" data-id=\"bc9bdbf\" data-element_type=\"container\">\n\t\t\t\t<div class=\"elementor-element elementor-element-5a8d2a79 elementor-widget elementor-widget-image\" data-id=\"5a8d2a79\" data-element_type=\"widget\" data-widget_type=\"image.default\">\n\t\t\t\t\t\t\t\t\t\t\t\t\t\t\t<img loading=\"lazy\" decoding=\"async\" width=\"747\" height=\"981\" src=\"https:\/\/workshopofstories.com\/wp-content\/uploads\/2025\/11\/Elden_ring_0008_Invincible.png\" class=\"attachment-large size-large wp-image-335\" alt=\"\" srcset=\"https:\/\/workshopofstories.com\/wp-content\/uploads\/2025\/11\/Elden_ring_0008_Invincible.png 747w, https:\/\/workshopofstories.com\/wp-content\/uploads\/2025\/11\/Elden_ring_0008_Invincible-228x300.png 228w\" sizes=\"(max-width: 747px) 100vw, 747px\" \/>\t\t\t\t\t\t\t\t\t\t\t\t\t\t\t<\/div>\n\t\t\t\t<\/div>\n\t\t\t\t<\/div>\n\t\t<div class=\"elementor-element elementor-element-89878af e-con-full e-flex e-con e-child\" data-id=\"89878af\" data-element_type=\"container\">\n\t\t<div class=\"elementor-element elementor-element-9fdf40e e-con-full e-flex e-con e-child\" data-id=\"9fdf40e\" data-element_type=\"container\">\n\t\t\t\t<div class=\"elementor-element elementor-element-b47d3d4 elementor-widget elementor-widget-image\" data-id=\"b47d3d4\" data-element_type=\"widget\" data-widget_type=\"image.default\">\n\t\t\t\t\t\t\t\t\t\t\t\t\t\t\t<img loading=\"lazy\" decoding=\"async\" width=\"747\" height=\"981\" src=\"https:\/\/workshopofstories.com\/wp-content\/uploads\/2025\/11\/Elden_ring_0003_Super_Mario.png\" class=\"attachment-large size-large wp-image-330\" alt=\"\" srcset=\"https:\/\/workshopofstories.com\/wp-content\/uploads\/2025\/11\/Elden_ring_0003_Super_Mario.png 747w, https:\/\/workshopofstories.com\/wp-content\/uploads\/2025\/11\/Elden_ring_0003_Super_Mario-228x300.png 228w\" sizes=\"(max-width: 747px) 100vw, 747px\" \/>\t\t\t\t\t\t\t\t\t\t\t\t\t\t\t<\/div>\n\t\t\t\t<\/div>\n\t\t<div class=\"elementor-element elementor-element-adf72b0 e-con-full e-flex e-con e-child\" data-id=\"adf72b0\" data-element_type=\"container\">\n\t\t\t\t<div class=\"elementor-element elementor-element-ad6ce96 elementor-widget elementor-widget-image\" data-id=\"ad6ce96\" data-element_type=\"widget\" data-widget_type=\"image.default\">\n\t\t\t\t\t\t\t\t\t\t\t\t\t\t\t<img loading=\"lazy\" decoding=\"async\" width=\"747\" height=\"981\" src=\"https:\/\/workshopofstories.com\/wp-content\/uploads\/2025\/11\/Elden_ring_0007_Looney_tunes.png\" class=\"attachment-large size-large wp-image-334\" alt=\"\" srcset=\"https:\/\/workshopofstories.com\/wp-content\/uploads\/2025\/11\/Elden_ring_0007_Looney_tunes.png 747w, https:\/\/workshopofstories.com\/wp-content\/uploads\/2025\/11\/Elden_ring_0007_Looney_tunes-228x300.png 228w\" sizes=\"(max-width: 747px) 100vw, 747px\" \/>\t\t\t\t\t\t\t\t\t\t\t\t\t\t\t<\/div>\n\t\t\t\t<\/div>\n\t\t\t\t<\/div>\n\t\t<div class=\"elementor-element elementor-element-6d54dec4 e-con-full e-flex e-con e-child\" data-id=\"6d54dec4\" data-element_type=\"container\">\n\t\t<div class=\"elementor-element elementor-element-f632e3d e-con-full e-flex e-con e-child\" data-id=\"f632e3d\" data-element_type=\"container\">\n\t\t\t\t<div class=\"elementor-element elementor-element-54af7723 elementor-widget elementor-widget-image\" data-id=\"54af7723\" data-element_type=\"widget\" data-widget_type=\"image.default\">\n\t\t\t\t\t\t\t\t\t\t\t\t\t\t\t<img loading=\"lazy\" decoding=\"async\" width=\"747\" height=\"981\" src=\"https:\/\/workshopofstories.com\/wp-content\/uploads\/2025\/11\/Elden_ring_0009_Hollow_knight.png\" class=\"attachment-large size-large wp-image-336\" alt=\"\" srcset=\"https:\/\/workshopofstories.com\/wp-content\/uploads\/2025\/11\/Elden_ring_0009_Hollow_knight.png 747w, https:\/\/workshopofstories.com\/wp-content\/uploads\/2025\/11\/Elden_ring_0009_Hollow_knight-228x300.png 228w\" sizes=\"(max-width: 747px) 100vw, 747px\" \/>\t\t\t\t\t\t\t\t\t\t\t\t\t\t\t<\/div>\n\t\t\t\t<\/div>\n\t\t<div class=\"elementor-element elementor-element-2b91faf5 e-con-full e-flex e-con e-child\" data-id=\"2b91faf5\" data-element_type=\"container\">\n\t\t\t\t<div class=\"elementor-element elementor-element-2afd4caa elementor-widget elementor-widget-image\" data-id=\"2afd4caa\" data-element_type=\"widget\" data-widget_type=\"image.default\">\n\t\t\t\t\t\t\t\t\t\t\t\t\t\t\t<img loading=\"lazy\" decoding=\"async\" width=\"747\" height=\"981\" src=\"https:\/\/workshopofstories.com\/wp-content\/uploads\/2025\/11\/Elden_ring_0004_Snoopy.png\" class=\"attachment-large size-large wp-image-331\" alt=\"\" srcset=\"https:\/\/workshopofstories.com\/wp-content\/uploads\/2025\/11\/Elden_ring_0004_Snoopy.png 747w, https:\/\/workshopofstories.com\/wp-content\/uploads\/2025\/11\/Elden_ring_0004_Snoopy-228x300.png 228w\" sizes=\"(max-width: 747px) 100vw, 747px\" \/>\t\t\t\t\t\t\t\t\t\t\t\t\t\t\t<\/div>\n\t\t\t\t<\/div>\n\t\t\t\t<\/div>\n\t\t\t\t<\/div>\n\t\t<div class=\"elementor-element elementor-element-46431fe e-con-full mdw-scroll-effect-141-content e-transform e-flex e-con e-child\" data-id=\"46431fe\" data-element_type=\"container\" data-settings=\"{&quot;position&quot;:&quot;absolute&quot;,&quot;_transform_translateY_effect&quot;:{&quot;unit&quot;:&quot;%&quot;,&quot;size&quot;:-50,&quot;sizes&quot;:[]},&quot;_transform_translateY_effect_tablet&quot;:{&quot;unit&quot;:&quot;%&quot;,&quot;size&quot;:&quot;&quot;,&quot;sizes&quot;:[]},&quot;_transform_translateY_effect_mobile&quot;:{&quot;unit&quot;:&quot;%&quot;,&quot;size&quot;:&quot;&quot;,&quot;sizes&quot;:[]},&quot;_transform_translateX_effect&quot;:{&quot;unit&quot;:&quot;px&quot;,&quot;size&quot;:&quot;&quot;,&quot;sizes&quot;:[]},&quot;_transform_translateX_effect_tablet&quot;:{&quot;unit&quot;:&quot;px&quot;,&quot;size&quot;:&quot;&quot;,&quot;sizes&quot;:[]},&quot;_transform_translateX_effect_mobile&quot;:{&quot;unit&quot;:&quot;px&quot;,&quot;size&quot;:&quot;&quot;,&quot;sizes&quot;:[]}}\">\n\t\t\t\t<div class=\"elementor-element elementor-element-761ff39 elementor-widget elementor-widget-text-editor\" data-id=\"761ff39\" data-element_type=\"widget\" data-widget_type=\"text-editor.default\">\n\t\t\t\t\t\t\t\t\t<p><span style=\"font-weight: 400;\">Egyedi sketchbook-ok<\/span><\/p><p><span style=\"font-weight: 400;\">Egyedi f\u00f3li\u00e1zott bor\u00edt\u00f3val<\/span><\/p>\t\t\t\t\t\t\t\t<\/div>\n\t\t\t\t<div class=\"elementor-element elementor-element-9694534 mdw-scroll-effect-141-text elementor-widget elementor-widget-text-editor\" data-id=\"9694534\" data-element_type=\"widget\" data-widget_type=\"text-editor.default\">\n\t\t\t\t\t\t\t\t\t<p><span style=\"font-weight: 400;\">Tervezd meg saj\u00e1t sketchbook-od bor\u00edt\u00f3j\u00e1t<\/span><\/p>\t\t\t\t\t\t\t\t<\/div>\n\t\t\t\t<\/div>\n\t\t<div class=\"elementor-element elementor-element-17c967f7 e-con-full mdw-scroll-effect-141-content e-transform e-flex e-con e-child\" data-id=\"17c967f7\" data-element_type=\"container\" data-settings=\"{&quot;position&quot;:&quot;absolute&quot;,&quot;_transform_translateY_effect&quot;:{&quot;unit&quot;:&quot;%&quot;,&quot;size&quot;:-50,&quot;sizes&quot;:[]},&quot;_transform_translateY_effect_tablet&quot;:{&quot;unit&quot;:&quot;%&quot;,&quot;size&quot;:&quot;&quot;,&quot;sizes&quot;:[]},&quot;_transform_translateY_effect_mobile&quot;:{&quot;unit&quot;:&quot;%&quot;,&quot;size&quot;:&quot;&quot;,&quot;sizes&quot;:[]},&quot;_transform_translateX_effect&quot;:{&quot;unit&quot;:&quot;px&quot;,&quot;size&quot;:&quot;&quot;,&quot;sizes&quot;:[]},&quot;_transform_translateX_effect_tablet&quot;:{&quot;unit&quot;:&quot;px&quot;,&quot;size&quot;:&quot;&quot;,&quot;sizes&quot;:[]},&quot;_transform_translateX_effect_mobile&quot;:{&quot;unit&quot;:&quot;px&quot;,&quot;size&quot;:&quot;&quot;,&quot;sizes&quot;:[]}}\">\n\t\t\t\t<div class=\"elementor-element elementor-element-21bcd6b elementor-widget elementor-widget-text-editor\" data-id=\"21bcd6b\" data-element_type=\"widget\" data-widget_type=\"text-editor.default\">\n\t\t\t\t\t\t\t\t\t<p><strong>B5 m\u00e9ret, a k\u00e9nyelmes sz\u00e1ll\u00edt\u00e1s \u00e9rdek\u00e9ben,<\/strong><\/p><p><strong>\u00edgy b\u00e1rhov\u00e1 magaddal viheted.<\/strong><\/p>\t\t\t\t\t\t\t\t<\/div>\n\t\t\t\t<div class=\"elementor-element elementor-element-7e027546 mdw-scroll-effect-141-text elementor-widget elementor-widget-text-editor\" data-id=\"7e027546\" data-element_type=\"widget\" data-widget_type=\"text-editor.default\">\n\t\t\t\t\t\t\t\t\t<p>112 oldal m\u0171szaki rajzlap<\/p>\t\t\t\t\t\t\t\t<\/div>\n\t\t\t\t<\/div>\n\t\t\t\t<\/div>\n\t\t<div class=\"elementor-element elementor-element-7e3e7eb8 e-flex e-con-boxed e-con e-parent\" data-id=\"7e3e7eb8\" data-element_type=\"container\" data-settings=\"{&quot;background_background&quot;:&quot;classic&quot;}\">\n\t\t\t\t\t<div class=\"e-con-inner\">\n\t\t\t\t<div class=\"elementor-element elementor-element-665c15c4 elementor-widget elementor-widget-heading\" data-id=\"665c15c4\" data-element_type=\"widget\" data-widget_type=\"heading.default\">\n\t\t\t\t\t<h2 class=\"elementor-heading-title elementor-size-default\">Thanks for Watching!<\/h2>\t\t\t\t<\/div>\n\t\t\t\t<div class=\"elementor-element elementor-element-337402c elementor-widget elementor-widget-spacer\" data-id=\"337402c\" data-element_type=\"widget\" data-widget_type=\"spacer.default\">\n\t\t\t\t\t\t\t<div class=\"elementor-spacer\">\n\t\t\t<div class=\"elementor-spacer-inner\"><\/div>\n\t\t<\/div>\n\t\t\t\t\t\t<\/div>\n\t\t<div class=\"elementor-element elementor-element-eb272fd e-grid e-con-boxed e-con e-child\" data-id=\"eb272fd\" data-element_type=\"container\">\n\t\t\t\t\t<div class=\"e-con-inner\">\n\t\t\t\t<div class=\"elementor-element elementor-element-d0552ce elementor-widget elementor-widget-image\" data-id=\"d0552ce\" data-element_type=\"widget\" data-widget_type=\"image.default\">\n\t\t\t\t\t\t\t\t\t\t\t\t\t\t\t<img loading=\"lazy\" decoding=\"async\" width=\"200\" height=\"200\" src=\"https:\/\/workshopofstories.com\/wp-content\/uploads\/2025\/10\/tik_tok_logo.png\" class=\"attachment-large size-large wp-image-64\" alt=\"\" srcset=\"https:\/\/workshopofstories.com\/wp-content\/uploads\/2025\/10\/tik_tok_logo.png 200w, https:\/\/workshopofstories.com\/wp-content\/uploads\/2025\/10\/tik_tok_logo-150x150.png 150w\" sizes=\"(max-width: 200px) 100vw, 200px\" \/>\t\t\t\t\t\t\t\t\t\t\t\t\t\t\t<\/div>\n\t\t\t\t<div class=\"elementor-element elementor-element-74f82a9 elementor-widget elementor-widget-image\" data-id=\"74f82a9\" data-element_type=\"widget\" data-widget_type=\"image.default\">\n\t\t\t\t\t\t\t\t\t\t\t\t\t\t\t<img loading=\"lazy\" decoding=\"async\" width=\"200\" height=\"200\" src=\"https:\/\/workshopofstories.com\/wp-content\/uploads\/2025\/10\/insta_logo.png\" class=\"attachment-large size-large wp-image-63\" alt=\"\" srcset=\"https:\/\/workshopofstories.com\/wp-content\/uploads\/2025\/10\/insta_logo.png 200w, https:\/\/workshopofstories.com\/wp-content\/uploads\/2025\/10\/insta_logo-150x150.png 150w\" sizes=\"(max-width: 200px) 100vw, 200px\" \/>\t\t\t\t\t\t\t\t\t\t\t\t\t\t\t<\/div>\n\t\t\t\t<div class=\"elementor-element elementor-element-c35175c elementor-widget elementor-widget-image\" data-id=\"c35175c\" data-element_type=\"widget\" data-widget_type=\"image.default\">\n\t\t\t\t\t\t\t\t\t\t\t\t\t\t\t<img loading=\"lazy\" decoding=\"async\" width=\"200\" height=\"200\" src=\"https:\/\/workshopofstories.com\/wp-content\/uploads\/2025\/10\/youtube_logo.png\" class=\"attachment-large size-large wp-image-65\" alt=\"\" srcset=\"https:\/\/workshopofstories.com\/wp-content\/uploads\/2025\/10\/youtube_logo.png 200w, https:\/\/workshopofstories.com\/wp-content\/uploads\/2025\/10\/youtube_logo-150x150.png 150w\" sizes=\"(max-width: 200px) 100vw, 200px\" \/>\t\t\t\t\t\t\t\t\t\t\t\t\t\t\t<\/div>\n\t\t\t\t\t<\/div>\n\t\t\t\t<\/div>\n\t\t\t\t\t<\/div>\n\t\t\t\t<\/div>\n\t\t\t\t<\/div>\n\t\t","protected":false},"excerpt":{"rendered":"<p>AHOL A KREATIVIT\u00c1S AZ ELS\u0150! Egyedi sketchbook-ok Egyedi f\u00f3li\u00e1zott bor\u00edt\u00f3val Tervezd meg saj\u00e1t sketchbook-od bor\u00edt\u00f3j\u00e1t B5 m\u00e9ret, a k\u00e9nyelmes sz\u00e1ll\u00edt\u00e1s \u00e9rdek\u00e9ben, \u00edgy b\u00e1rhov\u00e1 magaddal viheted. 112 oldal m\u0171szaki rajzlap Thanks for Watching!<\/p>\n","protected":false},"author":1,"featured_media":0,"parent":0,"menu_order":0,"comment_status":"closed","ping_status":"closed","template":"","meta":{"footnotes":""},"class_list":["post-14","page","type-page","status-publish","hentry"],"_links":{"self":[{"href":"https:\/\/workshopofstories.com\/index.php\/wp-json\/wp\/v2\/pages\/14","targetHints":{"allow":["GET"]}}],"collection":[{"href":"https:\/\/workshopofstories.com\/index.php\/wp-json\/wp\/v2\/pages"}],"about":[{"href":"https:\/\/workshopofstories.com\/index.php\/wp-json\/wp\/v2\/types\/page"}],"author":[{"embeddable":true,"href":"https:\/\/workshopofstories.com\/index.php\/wp-json\/wp\/v2\/users\/1"}],"replies":[{"embeddable":true,"href":"https:\/\/workshopofstories.com\/index.php\/wp-json\/wp\/v2\/comments?post=14"}],"version-history":[{"count":391,"href":"https:\/\/workshopofstories.com\/index.php\/wp-json\/wp\/v2\/pages\/14\/revisions"}],"predecessor-version":[{"id":577,"href":"https:\/\/workshopofstories.com\/index.php\/wp-json\/wp\/v2\/pages\/14\/revisions\/577"}],"wp:attachment":[{"href":"https:\/\/workshopofstories.com\/index.php\/wp-json\/wp\/v2\/media?parent=14"}],"curies":[{"name":"wp","href":"https:\/\/api.w.org\/{rel}","templated":true}]}}